{"id":9,"date":"2018-09-16T21:06:01","date_gmt":"2018-09-16T19:06:01","guid":{"rendered":"http:\/\/gitelerucher.fr\/?page_id=9"},"modified":"2024-01-10T19:11:45","modified_gmt":"2024-01-10T18:11:45","slug":"contact","status":"publish","type":"page","link":"https:\/\/gitelerucher.fr\/index.php\/contact\/","title":{"rendered":"Contact &#038; Acc\u00e8s"},"content":{"rendered":"<p><div class=\"fusion-fullwidth fullwidth-box fusion-builder-row-1 nonhundred-percent-fullwidth non-hundred-percent-height-scrolling\" style=\"--awb-border-radius-top-left:0px;--awb-border-radius-top-right:0px;--awb-border-radius-bottom-right:0px;--awb-border-radius-bottom-left:0px;--awb-flex-wrap:wrap;\" ><div class=\"fusion-builder-row fusion-row\"><div class=\"fusion-layout-column fusion_builder_column fusion-builder-column-0 fusion_builder_column_1_1 1_1 fusion-one-full fusion-column-first fusion-column-last\" style=\"--awb-bg-size:cover;\"><div class=\"fusion-column-wrapper fusion-flex-column-wrapper-legacy\"><div class=\"fusion-text fusion-text-1\"><hr \/>\n<\/div><div class=\"fusion-clearfix\"><\/div><\/div><\/div><\/div><\/div><div class=\"fusion-fullwidth fullwidth-box fusion-builder-row-2 nonhundred-percent-fullwidth non-hundred-percent-height-scrolling\" style=\"--awb-border-radius-top-left:0px;--awb-border-radius-top-right:0px;--awb-border-radius-bottom-right:0px;--awb-border-radius-bottom-left:0px;--awb-flex-wrap:wrap;\" ><div class=\"fusion-builder-row fusion-row\"><div class=\"fusion-layout-column fusion_builder_column fusion-builder-column-1 fusion_builder_column_1_3 1_3 fusion-one-third fusion-column-first\" style=\"--awb-bg-size:cover;width:33.333333333333%;width:calc(33.333333333333% - ( ( 4% ) * 0.33333333333333 ) );margin-right: 4%;\"><div class=\"fusion-column-wrapper fusion-flex-column-wrapper-legacy\"><div class=\"fusion-text fusion-text-2\" style=\"--awb-font-size:16px;\"><p style=\"text-align: center;\"><img decoding=\"async\" class=\"wp-image-12021 aligncenter\" src=\"https:\/\/gitelerucher.fr\/wp-content\/uploads\/2019\/09\/Boite-aux-lettres.png\" alt=\"\" width=\"45\" height=\"45\" srcset=\"https:\/\/gitelerucher.fr\/wp-content\/uploads\/2019\/09\/Boite-aux-lettres-66x66.png 66w, https:\/\/gitelerucher.fr\/wp-content\/uploads\/2019\/09\/Boite-aux-lettres-150x150.png 150w, https:\/\/gitelerucher.fr\/wp-content\/uploads\/2019\/09\/Boite-aux-lettres-200x200.png 200w, https:\/\/gitelerucher.fr\/wp-content\/uploads\/2019\/09\/Boite-aux-lettres-300x300.png 300w, https:\/\/gitelerucher.fr\/wp-content\/uploads\/2019\/09\/Boite-aux-lettres-400x400.png 400w, https:\/\/gitelerucher.fr\/wp-content\/uploads\/2019\/09\/Boite-aux-lettres.png 512w\" sizes=\"(max-width: 45px) 100vw, 45px\" \/>G\u00eete Le Rucher<br \/>\nFr\u00e9d\u00e9rique et Jean Siegwalt<br \/>\n60 Route des Herauds<br \/>\n38250 Lans-en-Vercors<\/p>\n<p style=\"text-align: center;\"><img decoding=\"async\" class=\"wp-image-12041 alignnone\" src=\"https:\/\/gitelerucher.fr\/wp-content\/uploads\/2019\/09\/Unknown-6.png\" alt=\"\" width=\"22\" height=\"29\" \/>\u00a0 \u00a0 \u00a0 \u00a0 \u00a0 \u00a045.09965N 5.57874E<\/p>\n<p style=\"text-align: center;\"><img decoding=\"async\" class=\"wp-image-12037 alignnone\" src=\"https:\/\/gitelerucher.fr\/wp-content\/uploads\/2019\/09\/email-logo-7.png\" alt=\"\" width=\"27\" height=\"27\" srcset=\"https:\/\/gitelerucher.fr\/wp-content\/uploads\/2019\/09\/email-logo-7-66x66.png 66w, https:\/\/gitelerucher.fr\/wp-content\/uploads\/2019\/09\/email-logo-7-150x150.png 150w, https:\/\/gitelerucher.fr\/wp-content\/uploads\/2019\/09\/email-logo-7-200x200.png 200w, https:\/\/gitelerucher.fr\/wp-content\/uploads\/2019\/09\/email-logo-7-300x300.png 300w, https:\/\/gitelerucher.fr\/wp-content\/uploads\/2019\/09\/email-logo-7-400x400.png 400w, https:\/\/gitelerucher.fr\/wp-content\/uploads\/2019\/09\/email-logo-7.png 500w\" sizes=\"(max-width: 27px) 100vw, 27px\" \/>\u00a0 \u00a0 \u00a0 \u00a0 \u00a0\u00a0<a href=\"mailto:gitelerucher@gmail.com\">gitelerucher@gmail.com<\/a><\/p>\n<p style=\"text-align: center;\"><img decoding=\"async\" class=\"alignnone wp-image-12023\" src=\"https:\/\/gitelerucher.fr\/wp-content\/uploads\/2019\/09\/phone.png\" alt=\"\" width=\"25\" height=\"25\" srcset=\"https:\/\/gitelerucher.fr\/wp-content\/uploads\/2019\/09\/phone-66x66.png 66w, https:\/\/gitelerucher.fr\/wp-content\/uploads\/2019\/09\/phone-150x150.png 150w, https:\/\/gitelerucher.fr\/wp-content\/uploads\/2019\/09\/phone-200x200.png 200w, https:\/\/gitelerucher.fr\/wp-content\/uploads\/2019\/09\/phone-300x300.png 300w, https:\/\/gitelerucher.fr\/wp-content\/uploads\/2019\/09\/phone-400x400.png 400w, https:\/\/gitelerucher.fr\/wp-content\/uploads\/2019\/09\/phone.png 512w\" sizes=\"(max-width: 25px) 100vw, 25px\" \/>\u00a0 \u00a0 \u00a0 \u00a0 \u00a0 +33 (0) 6 76 11 92 76<\/p>\n<p style=\"text-align: center;\">&#8211;<\/p>\n<p style=\"text-align: center;\">We speak English \ud83c\uddec\ud83c\udde7<\/p>\n<p style=\"text-align: center;\">Wir sprechen deutsch\u00a0\ud83c\udde9\ud83c\uddea<\/p>\n<\/div><div class=\"fusion-image-element fusion-image-align-center in-legacy-container\" style=\"text-align:center;--awb-max-width:200px;--awb-caption-title-font-family:var(--h2_typography-font-family);--awb-caption-title-font-weight:var(--h2_typography-font-weight);--awb-caption-title-font-style:var(--h2_typography-font-style);--awb-caption-title-size:var(--h2_typography-font-size);--awb-caption-title-transform:var(--h2_typography-text-transform);--awb-caption-title-line-height:var(--h2_typography-line-height);--awb-caption-title-letter-spacing:var(--h2_typography-letter-spacing);\"><div class=\"imageframe-align-center\"><span class=\" fusion-imageframe imageframe-none imageframe-1 hover-type-none\"><img decoding=\"async\" width=\"600\" height=\"600\" alt=\"vCard Gite Le Rucher\" title=\"vcardGite\" src=\"https:\/\/gitelerucher.fr\/wp-content\/uploads\/2024\/01\/vcardGite-600x600.png\" class=\"img-responsive wp-image-12884\" srcset=\"https:\/\/gitelerucher.fr\/wp-content\/uploads\/2024\/01\/vcardGite-200x200.png 200w, https:\/\/gitelerucher.fr\/wp-content\/uploads\/2024\/01\/vcardGite-400x400.png 400w, https:\/\/gitelerucher.fr\/wp-content\/uploads\/2024\/01\/vcardGite-600x600.png 600w, https:\/\/gitelerucher.fr\/wp-content\/uploads\/2024\/01\/vcardGite-800x800.png 800w, https:\/\/gitelerucher.fr\/wp-content\/uploads\/2024\/01\/vcardGite-1200x1200.png 1200w\" sizes=\"(max-width: 800px) 100vw, 600px\" \/><\/span><\/div><\/div><div class=\"fusion-clearfix\"><\/div><\/div><\/div><div class=\"fusion-layout-column fusion_builder_column fusion-builder-column-2 fusion_builder_column_2_3 2_3 fusion-two-third fusion-column-last\" style=\"--awb-bg-size:cover;width:66.666666666667%;width:calc(66.666666666667% - ( ( 4% ) * 0.66666666666667 ) );\"><div class=\"fusion-column-wrapper fusion-flex-column-wrapper-legacy\">\t\t\t\t\t<script type=\"text\/javascript\">\n\t\t\t\t\t\tvar map_fusion_map_69f5fa0802140;\n\t\t\t\t\t\tvar markers = [];\n\t\t\t\t\t\tvar counter = 0;\n\t\t\t\t\t\t\t\t\t\t\t\t\t\t\t\t\t\t\t\tvar fusionMapNonce = '57628a3346';\n\t\t\t\t\t\t\t\t\t\t\t\tfunction fusion_run_map_fusion_map_69f5fa0802140() {\n\t\t\t\t\t\t\tjQuery ('#fusion_map_69f5fa0802140' ).fusion_maps( {\n\t\t\t\t\t\t\t\taddresses: [{\"address\":\"45.0995964,5.5789033\",\"infobox_content\":\"\",\"coordinates\":true,\"latitude\":\"45.0995964\",\"longitude\":\"5.5789033\",\"cache\":true,\"geocoded_address\":\"60 Rte des H\\u00e9rauds, 38250 Lans-en-Vercors, France\"}],\n\t\t\t\t\t\t\t\tanimations: true,\n\t\t\t\t\t\t\t\tinfobox_background_color: '',\n\t\t\t\t\t\t\t\tinfobox_styling: 'default',\n\t\t\t\t\t\t\t\tinfobox_text_color: '',\n\t\t\t\t\t\t\t\tmap_style: 'default',\n\t\t\t\t\t\t\t\tmap_type: 'roadmap',\n\t\t\t\t\t\t\t\tmarker_icon: '',\n\t\t\t\t\t\t\t\toverlay_color: '',\n\t\t\t\t\t\t\t\toverlay_color_hsl: {\"hue\":0,\"sat\":0,\"lum\":100},\n\t\t\t\t\t\t\t\tshow_address: false,\n\t\t\t\t\t\t\t\tscale_control: true,\n\t\t\t\t\t\t\t\tscrollwheel: true,\n\t\t\t\t\t\t\t\tzoom: 12,\n\t\t\t\t\t\t\t\tzoom_control: true,\n\t\t\t\t\t\t\t} );\n\t\t\t\t\t\t}\n\n\t\t\t\t\t\tgoogle.maps.event.addDomListener(window, 'load', fusion_run_map_fusion_map_69f5fa0802140);\n\t\t\t\t\t<\/script>\n\t\t\t\t\t<div class=\"shortcode-map fusion-google-map fusion-maps-js-type\" style=\"--awb-height:640px;--awb-width:640px;\" id=\"fusion_map_69f5fa0802140\"><\/div><!DOCTYPE html>\n<html>\n  <head>\n    <title>Locator<\/title>\n    <meta charset=\"utf-8\">\n    <meta name=\"viewport\" content=\"width=device-width,initial-scale=1\">\n    <script src=\"https:\/\/polyfill.io\/v3\/polyfill.min.js?features=default\"><\/script>\n    <script src=\"https:\/\/ajax.googleapis.com\/ajax\/libs\/handlebars\/4.7.7\/handlebars.min.js\"><\/script>\n    <link href=\"https:\/\/fonts.googleapis.com\/css?family=Roboto\" rel=\"stylesheet\">\n    <script>\n      const CONFIGURATION = {\n        \"locations\": [\n          {\"title\":\"G\u00eete Le Rucher\",\"address1\":\"60 Route des Herauds\",\"address2\":\"Lans en Vercors, France\",\"coords\":{\"lat\":45.0995964,\"lng\":5.5789033},\"placeId\":\"ChIJi4xgC_OTikcRP2U333FixM0\"}\n        ],\n        \"mapOptions\": {\"center\":{\"lat\":38.0,\"lng\":-100.0},\"fullscreenControl\":true,\"mapTypeControl\":false,\"streetViewControl\":false,\"zoom\":4,\"zoomControl\":true,\"maxZoom\":17,\"mapId\":\"\"},\n        \"mapsApiKey\": \"AIzaSyA3ZDvQ992EhOM65_ylkYx-zpv2VylQ0S0\",\n        \"capabilities\": {\"input\":false,\"autocomplete\":false,\"directions\":false,\"distanceMatrix\":false,\"details\":false,\"actions\":false}\n      };\n\n      function initMap() {\n        new LocatorPlus(CONFIGURATION);\n      }\n    <\/script>\n    <script id=\"locator-result-items-tmpl\" type=\"text\/x-handlebars-template\">\n      {{#each locations}}\n        <li class=\"location-result\" data-location-index=\"{{index}}\">\n          <button class=\"select-location\">\n            <h2 class=\"name\">{{title}}<\/h2>\n          <\/button>\n          <div class=\"address\">{{address1}}<br>{{address2}}<\/div>\n          <a class=\"directions-button\" href=\"\" target=\"_blank\" title=\"Get directions to this location on Google Maps\">\n            <svg width=\"34\" height=\"34\" viewBox=\"0 0 34 34\"\n                  fill=\"none\" xmlns=\"http:\/\/www.w3.org\/2000\/svg\">\n              <path d=\"M17.5867 9.24375L17.9403 8.8902V8.8902L17.5867 9.24375ZM16.4117 9.24375L16.7653 9.59731L16.7675 9.59502L16.4117 9.24375ZM8.91172 16.7437L8.55817 16.3902L8.91172 16.7437ZM8.91172 17.9229L8.55817 18.2765L8.55826 18.2766L8.91172 17.9229ZM16.4117 25.4187H16.9117V25.2116L16.7652 25.0651L16.4117 25.4187ZM16.4117 25.4229H15.9117V25.63L16.0582 25.7765L16.4117 25.4229ZM25.0909 17.9229L25.4444 18.2765L25.4467 18.2742L25.0909 17.9229ZM25.4403 16.3902L17.9403 8.8902L17.2332 9.5973L24.7332 17.0973L25.4403 16.3902ZM17.9403 8.8902C17.4213 8.3712 16.5737 8.3679 16.0559 8.89248L16.7675 9.59502C16.8914 9.4696 17.1022 9.4663 17.2332 9.5973L17.9403 8.8902ZM16.0582 8.8902L8.55817 16.3902L9.26527 17.0973L16.7653 9.5973L16.0582 8.8902ZM8.55817 16.3902C8.0379 16.9105 8.0379 17.7562 8.55817 18.2765L9.26527 17.5694C9.13553 17.4396 9.13553 17.227 9.26527 17.0973L8.55817 16.3902ZM8.55826 18.2766L16.0583 25.7724L16.7652 25.0651L9.26517 17.5693L8.55826 18.2766ZM15.9117 25.4187V25.4229H16.9117V25.4187H15.9117ZM16.0582 25.7765C16.5784 26.2967 17.4242 26.2967 17.9444 25.7765L17.2373 25.0694C17.1076 25.1991 16.895 25.1991 16.7653 25.0694L16.0582 25.7765ZM17.9444 25.7765L25.4444 18.2765L24.7373 17.5694L17.2373 25.0694L17.9444 25.7765ZM25.4467 18.2742C25.9631 17.7512 25.9663 16.9096 25.438 16.3879L24.7354 17.0995C24.8655 17.2279 24.8687 17.4363 24.7351 17.5716L25.4467 18.2742Z\" fill=\"#1967d2\"\/>\n              <path fill-rule=\"evenodd\" clip-rule=\"evenodd\" d=\"M19 19.8333V17.75H15.6667V20.25H14V16.9167C14 16.4542 14.3708 16.0833 14.8333 16.0833H19V14L21.9167 16.9167L19 19.8333Z\" fill=\"#1967d2\"\/>\n              <circle class=\"directions-button-background\" cx=\"17\" cy=\"17\" r=\"16.5\" stroke=\"#e0e0e0\"\/>\n            <\/svg>\n          <\/a>\n        <\/li>\n      {{\/each}}\n    <\/script>\n  <\/head>\n  <body>\n    <div id=\"map-container\">\n      <div id=\"locations-panel\">\n        <div id=\"locations-panel-list\">\n          <div class=\"section-name\" id=\"location-results-section-name\">\n            All locations\n          <\/div>\n          <div class=\"results\">\n            <ul id=\"location-results-list\"><\/ul>\n          <\/div>\n        <\/div>\n      <\/div>\n      <div id=\"gmp-map\"><\/div>\n    <\/div>\n    <script src=\"https:\/\/maps.googleapis.com\/maps\/api\/js?key=AIzaSyA3ZDvQ992EhOM65_ylkYx-zpv2VylQ0S0&callback=initMap&libraries=places&solution_channel=GMP_QB_locatorplus_v9_c\" async defer><\/script>\n  <\/body>\n<\/html><div class=\"fusion-clearfix\"><\/div><\/div><\/div><\/div><\/div><div class=\"fusion-fullwidth fullwidth-box fusion-builder-row-3 nonhundred-percent-fullwidth non-hundred-percent-height-scrolling fusion-equal-height-columns\" style=\"--awb-border-radius-top-left:0px;--awb-border-radius-top-right:0px;--awb-border-radius-bottom-right:0px;--awb-border-radius-bottom-left:0px;--awb-flex-wrap:wrap;\" ><div class=\"fusion-builder-row fusion-row\"><div class=\"fusion-layout-column fusion_builder_column fusion-builder-column-3 fusion_builder_column_1_4 1_4 fusion-one-fourth fusion-column-first\" style=\"--awb-bg-size:cover;width:25%;width:calc(25% - ( ( 4% + 4% + 4% ) * 0.25 ) );margin-right: 4%;\"><div class=\"fusion-column-wrapper fusion-flex-column-wrapper-legacy\"><div class=\"fusion-text fusion-text-3\"><hr \/>\n<\/div><div class=\"fusion-image-element fusion-image-align-center in-legacy-container\" style=\"text-align:center;--awb-max-width:40px;--awb-caption-title-font-family:var(--h2_typography-font-family);--awb-caption-title-font-weight:var(--h2_typography-font-weight);--awb-caption-title-font-style:var(--h2_typography-font-style);--awb-caption-title-size:var(--h2_typography-font-size);--awb-caption-title-transform:var(--h2_typography-text-transform);--awb-caption-title-line-height:var(--h2_typography-line-height);--awb-caption-title-letter-spacing:var(--h2_typography-letter-spacing);\"><div class=\"imageframe-align-center\"><span class=\" fusion-imageframe imageframe-none imageframe-2 hover-type-none\"><img decoding=\"async\" width=\"128\" height=\"128\" alt=\"Voiture \/ PKW \/ Car\" title=\"Voiture\" src=\"https:\/\/gitelerucher.fr\/wp-content\/uploads\/2019\/09\/Voiture.png\" class=\"img-responsive wp-image-12028\" srcset=\"https:\/\/gitelerucher.fr\/wp-content\/uploads\/2019\/09\/Voiture-66x66.png 66w, https:\/\/gitelerucher.fr\/wp-content\/uploads\/2019\/09\/Voiture.png 128w\" sizes=\"(max-width: 128px) 100vw, 128px\" \/><\/span><\/div><\/div><div class=\"fusion-text fusion-text-4\" style=\"--awb-font-size:16px;\"><div class=\"flip-box-back\">\n<div class=\"flip-box-back-inner\">\n<h3 class=\"flip-box-heading-back\" style=\"text-align: center;\" data-fontsize=\"13\" data-lineheight=\"19\">ACC\u00c8S PAR GRENOBLE OU LA BOURNE<\/h3>\n<p style=\"text-align: center;\">A 30 minutes de Grenoble, 1h de Valence ou 1h15 de Lyon.<\/p>\n<p style=\"text-align: center;\">La mont\u00e9e classique se fait au d\u00e9part de Sassenage par une route de montagne tr\u00e8s confortable.<\/p>\n<p style=\"text-align: center;\">La mont\u00e9e plus touristique par les Gorges de la Bourne est plus d\u00e9licate et parfois ferm\u00e9e.<\/p>\n<\/div>\n<\/div>\n<\/div><div class=\"fusion-clearfix\"><\/div><\/div><\/div><div class=\"fusion-layout-column fusion_builder_column fusion-builder-column-4 fusion_builder_column_1_4 1_4 fusion-one-fourth\" style=\"--awb-bg-size:cover;width:25%;width:calc(25% - ( ( 4% + 4% + 4% ) * 0.25 ) );margin-right: 4%;\"><div class=\"fusion-column-wrapper fusion-flex-column-wrapper-legacy\"><div class=\"fusion-text fusion-text-5\"><hr \/>\n<\/div><div class=\"fusion-image-element fusion-image-align-center in-legacy-container\" style=\"text-align:center;--awb-max-width:40px;--awb-caption-title-font-family:var(--h2_typography-font-family);--awb-caption-title-font-weight:var(--h2_typography-font-weight);--awb-caption-title-font-style:var(--h2_typography-font-style);--awb-caption-title-size:var(--h2_typography-font-size);--awb-caption-title-transform:var(--h2_typography-text-transform);--awb-caption-title-line-height:var(--h2_typography-line-height);--awb-caption-title-letter-spacing:var(--h2_typography-letter-spacing);\"><div class=\"imageframe-align-center\"><span class=\" fusion-imageframe imageframe-none imageframe-3 hover-type-none\"><img decoding=\"async\" width=\"128\" height=\"128\" alt=\"Train \/ Railway \/ Bahn\" title=\"Train\" src=\"https:\/\/gitelerucher.fr\/wp-content\/uploads\/2019\/09\/tarin.png\" class=\"img-responsive wp-image-12026\" srcset=\"https:\/\/gitelerucher.fr\/wp-content\/uploads\/2019\/09\/tarin-66x66.png 66w, https:\/\/gitelerucher.fr\/wp-content\/uploads\/2019\/09\/tarin.png 128w\" sizes=\"(max-width: 128px) 100vw, 128px\" \/><\/span><\/div><\/div><div class=\"fusion-text fusion-text-6\" style=\"--awb-font-size:16px;\"><h3 class=\"flip-box-heading-back\" style=\"text-align: center;\" data-fontsize=\"13\" data-lineheight=\"19\">ARRIV\u00c9E EN GARE DE GRENOBLE<\/h3>\n<p style=\"text-align: center;\">A 1h30 de Lyon et \u00e0 3h de Paris.<\/p>\n<p style=\"text-align: center;\">Des navettes r\u00e9guli\u00e8res permettent de monter \u00e0 Lans-en-Vercors depuis la gare de Grenoble.<\/p>\n<p style=\"text-align: center;\">Plus d\u2019infos sur\u00a0<a href=\"http:\/\/www.transisere.fr\/\" target=\"_blank\" rel=\"noopener noreferrer\">http:\/\/www.transisere.fr<\/a><\/p>\n<p style=\"text-align: center;\">La ligne T64 monte vers le Vercors ; l&rsquo;arr\u00eat <em><strong>Les C\u00f4tes de Lans<\/strong><\/em> est \u00e0 900m du g\u00eete.<\/p>\n<\/div><div class=\"fusion-clearfix\"><\/div><\/div><\/div><div class=\"fusion-layout-column fusion_builder_column fusion-builder-column-5 fusion_builder_column_1_4 1_4 fusion-one-fourth\" style=\"--awb-bg-size:cover;width:25%;width:calc(25% - ( ( 4% + 4% + 4% ) * 0.25 ) );margin-right: 4%;\"><div class=\"fusion-column-wrapper fusion-flex-column-wrapper-legacy\"><div class=\"fusion-text fusion-text-7\"><hr \/>\n<\/div><div class=\"fusion-image-element fusion-image-align-center in-legacy-container\" style=\"text-align:center;--awb-max-width:40px;--awb-caption-title-font-family:var(--h2_typography-font-family);--awb-caption-title-font-weight:var(--h2_typography-font-weight);--awb-caption-title-font-style:var(--h2_typography-font-style);--awb-caption-title-size:var(--h2_typography-font-size);--awb-caption-title-transform:var(--h2_typography-text-transform);--awb-caption-title-line-height:var(--h2_typography-line-height);--awb-caption-title-letter-spacing:var(--h2_typography-letter-spacing);\"><div class=\"imageframe-align-center\"><span class=\" fusion-imageframe imageframe-none imageframe-4 hover-type-none\"><img decoding=\"async\" width=\"128\" height=\"128\" alt=\"Avion \/ Plane \/ Flugzeug\" title=\"Avion\" src=\"https:\/\/gitelerucher.fr\/wp-content\/uploads\/2019\/09\/Avion.png\" class=\"img-responsive wp-image-12020\" srcset=\"https:\/\/gitelerucher.fr\/wp-content\/uploads\/2019\/09\/Avion-66x66.png 66w, https:\/\/gitelerucher.fr\/wp-content\/uploads\/2019\/09\/Avion.png 128w\" sizes=\"(max-width: 128px) 100vw, 128px\" \/><\/span><\/div><\/div><div class=\"fusion-text fusion-text-8\" style=\"--awb-font-size:16px;\"><h3 class=\"flip-box-heading-back\" style=\"text-align: center;\" data-fontsize=\"13\" data-lineheight=\"19\">ARRIV\u00c9E \u00c0 LYON SAINT-EXUP\u00c9RY<\/h3>\n<p style=\"text-align: center;\">Depuis l\u2019a\u00e9roport, une premi\u00e8re navette m\u00e8ne \u00e0 la gare de Grenoble (<a href=\"https:\/\/www.lyonaeroports.com\/acces-transports\/navette-bus\/grenoble\" target=\"_blank\" rel=\"noopener noreferrer\">Voir ici<\/a>)<\/p>\n<p style=\"text-align: center;\">Des navettes r\u00e9guli\u00e8res permettent ensuite de monter \u00e0 Lans-en-Vercors. Plus d\u2019infos sur\u00a0<a href=\"http:\/\/www.transisere.fr\/\" target=\"_blank\" rel=\"noopener noreferrer\">http:\/\/www.transisere.fr<\/a><\/p>\n<p style=\"text-align: center;\">La ligne T64 monte vers le Vercors ; l&rsquo;arr\u00eat <strong><em>Les C\u00f4tes de Lans<\/em><\/strong> est \u00e0 900m du g\u00eete.<\/p>\n<\/div><div class=\"fusion-clearfix\"><\/div><\/div><\/div><div class=\"fusion-layout-column fusion_builder_column fusion-builder-column-6 fusion_builder_column_1_4 1_4 fusion-one-fourth fusion-column-last\" style=\"--awb-bg-size:cover;width:25%;width:calc(25% - ( ( 4% + 4% + 4% ) * 0.25 ) );\"><div class=\"fusion-column-wrapper fusion-flex-column-wrapper-legacy\"><div class=\"fusion-text fusion-text-9\"><hr \/>\n<\/div><div class=\"fusion-image-element fusion-image-align-center in-legacy-container\" style=\"text-align:center;--awb-max-width:40px;--awb-caption-title-font-family:var(--h2_typography-font-family);--awb-caption-title-font-weight:var(--h2_typography-font-weight);--awb-caption-title-font-style:var(--h2_typography-font-style);--awb-caption-title-size:var(--h2_typography-font-size);--awb-caption-title-transform:var(--h2_typography-text-transform);--awb-caption-title-line-height:var(--h2_typography-line-height);--awb-caption-title-letter-spacing:var(--h2_typography-letter-spacing);\"><div class=\"imageframe-align-center\"><span class=\" fusion-imageframe imageframe-none imageframe-5 hover-type-none\"><img decoding=\"async\" width=\"100\" height=\"100\" alt=\"Avion \/ Plane \/ Flugzeug\" title=\"icons8-cyclisme-de-montagne-100\" src=\"https:\/\/gitelerucher.fr\/wp-content\/uploads\/2019\/10\/icons8-cyclisme-de-montagne-100.png\" class=\"img-responsive wp-image-12263\" srcset=\"https:\/\/gitelerucher.fr\/wp-content\/uploads\/2019\/10\/icons8-cyclisme-de-montagne-100-66x66.png 66w, https:\/\/gitelerucher.fr\/wp-content\/uploads\/2019\/10\/icons8-cyclisme-de-montagne-100.png 100w\" sizes=\"(max-width: 100px) 100vw, 100px\" \/><\/span><\/div><\/div><div class=\"fusion-text fusion-text-10\" style=\"--awb-font-size:16px;\"><h3 style=\"text-align: center;\">ARRIV\u00c9E \u00c0 V\u00c9LO<\/h3>\n<p style=\"text-align: center;\">Une petite route peu fr\u00e9quent\u00e9e permet de rejoindre le g\u00eete depuis la Via Vercors situ\u00e9e \u00e0 1 km.<\/p>\n<p style=\"text-align: center;\">L&rsquo;itin\u00e9raire v\u00e9lo du \u00ab\u00a0Tour des 4 Montagnes\u00a0\u00bb passe \u00e0 50m du g\u00eete, 4km apr\u00e8s Villard-de-Lans<\/p>\n<\/div><div class=\"fusion-clearfix\"><\/div><\/div><\/div><div class=\"fusion-layout-column fusion_builder_column fusion-builder-column-7 fusion_builder_column_1_1 1_1 fusion-one-full fusion-column-first fusion-column-last\" style=\"--awb-bg-size:cover;\"><div class=\"fusion-column-wrapper fusion-flex-column-wrapper-legacy\"><div class=\"fusion-text fusion-text-11\"><hr \/>\n<p style=\"text-align: center;\"><span style=\"color: #3366ff;\"><a style=\"color: #3366ff;\" href=\"https:\/\/gitelerucher.fr\/\">Accueil<\/a> \u23a5 <span style=\"color: #0000ff;\"><a style=\"color: #3366ff;\" href=\"https:\/\/gitelerucher.fr\/index.php\/description\/\">Description<\/a><\/span> \u23a5 <a style=\"color: #3366ff;\" href=\"https:\/\/gitelerucher.fr\/index.php\/42-2\/\">Activit\u00e9s\u23a5 <\/a><a style=\"color: #3366ff;\" href=\"https:\/\/gitelerucher.fr\/index.php\/calendrier-et-reservation\/\">Tarif &amp; R\u00e9servation<\/a> <a style=\"color: #3366ff;\" href=\"https:\/\/gitelerucher.fr\/index.php\/description\/\">\u23a5 <\/a><a style=\"color: #3366ff;\" href=\"https:\/\/gitelerucher.fr\/index.php\/contact\/\">Contact &amp; Acc\u00e8s <\/a><a style=\"color: #3366ff;\" href=\"https:\/\/gitelerucher.fr\/index.php\/description\/\">\u23a5 <\/a><a style=\"color: #3366ff;\" href=\"https:\/\/gitelerucher.fr\/index.php\/deutsch\/\">Deutsch \ud83c\udde9\ud83c\uddea<\/a><a style=\"color: #3366ff;\" href=\"https:\/\/gitelerucher.fr\/index.php\/description\/\">\u23a5 <\/a><a style=\"color: #3366ff;\" href=\"https:\/\/gitelerucher.fr\/index.php\/english\/\">English \ud83c\uddec\ud83c\udde7<\/a><\/span><\/p>\n<\/div><div class=\"fusion-clearfix\"><\/div><\/div><\/div><\/div><\/div><\/p>\n","protected":false},"excerpt":{"rendered":"","protected":false},"author":1,"featured_media":12050,"parent":0,"menu_order":0,"comment_status":"closed","ping_status":"closed","template":"","meta":{"footnotes":""},"class_list":["post-9","page","type-page","status-publish","has-post-thumbnail","hentry"],"_links":{"self":[{"href":"https:\/\/gitelerucher.fr\/index.php\/wp-json\/wp\/v2\/pages\/9","targetHints":{"allow":["GET"]}}],"collection":[{"href":"https:\/\/gitelerucher.fr\/index.php\/wp-json\/wp\/v2\/pages"}],"about":[{"href":"https:\/\/gitelerucher.fr\/index.php\/wp-json\/wp\/v2\/types\/page"}],"author":[{"embeddable":true,"href":"https:\/\/gitelerucher.fr\/index.php\/wp-json\/wp\/v2\/users\/1"}],"replies":[{"embeddable":true,"href":"https:\/\/gitelerucher.fr\/index.php\/wp-json\/wp\/v2\/comments?post=9"}],"version-history":[{"count":92,"href":"https:\/\/gitelerucher.fr\/index.php\/wp-json\/wp\/v2\/pages\/9\/revisions"}],"predecessor-version":[{"id":12896,"href":"https:\/\/gitelerucher.fr\/index.php\/wp-json\/wp\/v2\/pages\/9\/revisions\/12896"}],"wp:featuredmedia":[{"embeddable":true,"href":"https:\/\/gitelerucher.fr\/index.php\/wp-json\/wp\/v2\/media\/12050"}],"wp:attachment":[{"href":"https:\/\/gitelerucher.fr\/index.php\/wp-json\/wp\/v2\/media?parent=9"}],"curies":[{"name":"wp","href":"https:\/\/api.w.org\/{rel}","templated":true}]}}