{"id":42,"date":"2019-01-22T20:48:54","date_gmt":"2019-01-22T19:48:54","guid":{"rendered":"http:\/\/gitelerucher.fr\/?page_id=42"},"modified":"2023-09-01T15:31:02","modified_gmt":"2023-09-01T13:31:02","slug":"42-2","status":"publish","type":"page","link":"https:\/\/gitelerucher.fr\/index.php\/42-2\/","title":{"rendered":"Activit\u00e9s"},"content":{"rendered":"<p><div class=\"fusion-fullwidth fullwidth-box fusion-builder-row-1 nonhundred-percent-fullwidth non-hundred-percent-height-scrolling\" style=\"--awb-border-radius-top-left:0px;--awb-border-radius-top-right:0px;--awb-border-radius-bottom-right:0px;--awb-border-radius-bottom-left:0px;--awb-flex-wrap:wrap;\" ><div class=\"fusion-builder-row fusion-row\"><div class=\"fusion-layout-column fusion_builder_column fusion-builder-column-0 fusion_builder_column_1_1 1_1 fusion-one-full fusion-column-first fusion-column-last\" style=\"--awb-bg-size:cover;\"><div class=\"fusion-column-wrapper fusion-flex-column-wrapper-legacy\"><div class=\"fusion-text fusion-text-1\" style=\"--awb-font-size:16px;\"><h3>Au coeur du Parc naturel du Vercors, la situation est id\u00e9ale pour les activit\u00e9s de pleine nature<\/h3>\n<\/div><div class=\"fusion-clearfix\"><\/div><\/div><\/div><\/div><\/div><div class=\"fusion-fullwidth fullwidth-box fusion-builder-row-2 nonhundred-percent-fullwidth non-hundred-percent-height-scrolling\" style=\"--awb-border-radius-top-left:0px;--awb-border-radius-top-right:0px;--awb-border-radius-bottom-right:0px;--awb-border-radius-bottom-left:0px;--awb-flex-wrap:wrap;\" ><div class=\"fusion-builder-row fusion-row\"><div class=\"fusion-layout-column fusion_builder_column fusion-builder-column-1 fusion_builder_column_1_4 1_4 fusion-one-fourth fusion-column-first\" style=\"--awb-bg-size:cover;width:25%;width:calc(25% - ( ( 4% + 4% + 4% ) * 0.25 ) );margin-right: 4%;\"><div class=\"fusion-column-wrapper fusion-flex-column-wrapper-legacy\"><div class=\"fusion-text fusion-text-2\" style=\"--awb-font-size:16px;\"><h3><strong>A proximit\u00e9<\/strong><\/h3>\n<hr \/>\n<p>D\u00e9parts de nombreuses <strong><span style=\"color: #99cc00;\">randonn\u00e9es<\/span><\/strong>, \u00e0 pied ou v\u00e9lo ; cartes et topos disponibles<\/p>\n<p>Voie douce reliant Lans-en-Vercors, Villard-de-Lans, Engins, Corren\u00e7on et Autrans propice aux balades \u00e0 pied ou v\u00e9lo en famille<\/p>\n<p><strong><span style=\"color: #99cc00;\">Ferme et ch\u00e8vrerie<\/span><\/strong> \u00e0 500m : vente de fromages \u00e0 la ferme et visites pendant la traite<\/p>\n<p>Equitation : \u00e9curies du Col de l&rsquo;Arc et Harras du Vercors<\/p>\n<p>Pumptrack de Villard accessible par la voie douce, gratuit<\/p>\n<p>Aire d&rsquo;atterrissage de parapentes<\/p>\n<p>Artisanat local : <strong><span style=\"color: #99cc00;\">Boutique-Atelier<\/span><\/strong> de Vercors Cuir<\/p>\n<\/div><div class=\"fusion-clearfix\"><\/div><\/div><\/div><div class=\"fusion-layout-column fusion_builder_column fusion-builder-column-2 fusion_builder_column_1_4 1_4 fusion-one-fourth\" style=\"--awb-bg-size:cover;width:25%;width:calc(25% - ( ( 4% + 4% + 4% ) * 0.25 ) );margin-right: 4%;\"><div class=\"fusion-column-wrapper fusion-flex-column-wrapper-legacy\"><div class=\"fusion-text fusion-text-3\" style=\"--awb-font-size:16px;\"><h3><strong>En hiver<\/strong><\/h3>\n<hr \/>\n<p>Les pistes de <strong><span style=\"color: #99cc00;\">ski de fond du Val-de-Lans<\/span><\/strong> passent \u00e0 100m du g\u00eete<\/p>\n<p>Raquettes et randonn\u00e9e nordique <strong><span style=\"color: #99cc00;\">au d\u00e9part du g\u00eete<\/span><\/strong><\/p>\n<p><strong><span style=\"color: #99cc00;\">Lans-en-Vercors<\/span><\/strong> \u00e0 10 min, id\u00e9al pour le <strong><span style=\"color: #99cc00;\">ski alpin en famille<\/span><\/strong>. Ecole de ski<\/p>\n<p>Villard-de-Lans : 3\u00e8me domaine alpin de l&rsquo;Is\u00e8re \u00e0 15 min<\/p>\n<p>Patinoire et piscine \u00e0 vagues \u00e0 Villard-de-Lans<\/p>\n<\/div><div class=\"fusion-clearfix\"><\/div><\/div><\/div><div class=\"fusion-layout-column fusion_builder_column fusion-builder-column-3 fusion_builder_column_1_4 1_4 fusion-one-fourth\" style=\"--awb-bg-size:cover;width:25%;width:calc(25% - ( ( 4% + 4% + 4% ) * 0.25 ) );margin-right: 4%;\"><div class=\"fusion-column-wrapper fusion-flex-column-wrapper-legacy\"><div class=\"fusion-text fusion-text-4\" style=\"--awb-font-size:16px;\"><h3><strong>Sport<\/strong><\/h3>\n<hr \/>\n<p><strong><span style=\"color: #99cc00;\">Randonn\u00e9e<\/span><\/strong>`: l&rsquo;activit\u00e9 par excellence l&rsquo;\u00e9t\u00e9 en Vercors ! En famille, sportives ou \u00e0 th\u00e8mes&#8230; les d\u00e9clinaisons sont nombreuses<\/p>\n<p>VTT \/ VAE : des petits circuits faciles ainsi que d&rsquo;autres plus ambitieux sont \u00e0 port\u00e9e de roue du g\u00eete. Centre FFC \u00e0 Villard (bike park, XC, enduro\/DH)<\/p>\n<p>Trail : 230 km de parcours font de Villard-de-Lans la <strong><span style=\"color: #99cc00;\">plus grande station de trail d&rsquo;Europe<\/span><\/strong><\/p>\n<p>V\u00e9lo de route : les petites routes du Vercors s&rsquo;offrent \u00e0 vous<\/p>\n<p>Escalade : 2 sites \u00e9cole \u00e0 Lans-en-Vercors, falaise de Presles \u00e0 30 min<\/p>\n<p>Sp\u00e9l\u00e9o : 3000 cavit\u00e9s recens\u00e9es dans le massif, plusieurs <strong><span style=\"color: #99cc00;\">grottes<\/span><\/strong> sont \u00e0 proximit\u00e9<\/p>\n<p>Parapente : pente \u00e9cole pr\u00e8s du village, 3 d\u00e9collages, atterrissage \u00e0 300 m<\/p>\n<p>Golf de Corren\u00e7on-en-Vercors<\/p>\n<p>Activit\u00e9s insolites : montgolfi\u00e8re, <strong><span style=\"color: #99cc00;\">canyoning<\/span><\/strong>, trottinette \u00e9lectrique tout terrain, fat bike&#8230;<\/p>\n<\/div><div class=\"fusion-clearfix\"><\/div><\/div><\/div><div class=\"fusion-layout-column fusion_builder_column fusion-builder-column-4 fusion_builder_column_1_4 1_4 fusion-one-fourth fusion-column-last\" style=\"--awb-bg-size:cover;width:25%;width:calc(25% - ( ( 4% + 4% + 4% ) * 0.25 ) );\"><div class=\"fusion-column-wrapper fusion-flex-column-wrapper-legacy\"><div class=\"fusion-text fusion-text-5\" style=\"--awb-font-size:16px;\"><h3><strong>Lans-en-Vercors et Villard-de-Lans<\/strong><\/h3>\n<hr \/>\n<p>Le bourg de Villard-de-Lans \u00e0 4 km est tr\u00e8s attractif \u00e0 tous \u00e2ges<\/p>\n<p>Centre pi\u00e9ton pour le shopping<br \/>\nRestaurants<\/p>\n<p>Cin\u00e9ma, casino, bowling, pubs<\/p>\n<p>Salle de spectacles<\/p>\n<p>Piscine \u00e0 vagues, patinoire<br \/>\nSalle Freestyle : trampolines, bacs \u00e0 mousse, zone Parkour<\/p>\n<p>Mus\u00e9es<\/p>\n<\/div><div class=\"fusion-clearfix\"><\/div><\/div><\/div><\/div><\/div><div class=\"fusion-fullwidth fullwidth-box fusion-builder-row-3 fusion-flex-container nonhundred-percent-fullwidth non-hundred-percent-height-scrolling\" style=\"--awb-border-radius-top-left:0px;--awb-border-radius-top-right:0px;--awb-border-radius-bottom-right:0px;--awb-border-radius-bottom-left:0px;--awb-flex-wrap:wrap;\" ><div class=\"fusion-builder-row fusion-row fusion-flex-align-items-flex-start fusion-flex-content-wrap\" style=\"max-width:1456px;margin-left: calc(-4% \/ 2 );margin-right: calc(-4% \/ 2 );\"><div class=\"fusion-layout-column fusion_builder_column fusion-builder-column-5 fusion_builder_column_1_1 1_1 fusion-flex-column\" style=\"--awb-bg-size:cover;--awb-width-large:100%;--awb-margin-top-large:0px;--awb-spacing-right-large:1.92%;--awb-margin-bottom-large:20px;--awb-spacing-left-large:1.92%;--awb-width-medium:100%;--awb-order-medium:0;--awb-spacing-right-medium:1.92%;--awb-spacing-left-medium:1.92%;--awb-width-small:100%;--awb-order-small:0;--awb-spacing-right-small:1.92%;--awb-spacing-left-small:1.92%;\"><div class=\"fusion-column-wrapper fusion-column-has-shadow fusion-flex-justify-content-flex-start fusion-content-layout-column\"><div style=\"text-align:right;\"><a class=\"fusion-button button-flat fusion-button-default-size button-default fusion-button-default button-1 fusion-button-default-span fusion-button-default-type\" target=\"_self\" title=\"page suivante\" aria-label=\"page suivante\" href=\"https:\/\/gitelerucher.fr\/index.php\/calendrier-et-reservation\/\"><span class=\"fusion-button-text awb-button__text awb-button__text--default\">Page suivante &#8230;<\/span><\/a><\/div><div class=\"fusion-text fusion-text-6\"><hr \/>\n<p style=\"text-align: center;\"><span style=\"color: #3366ff;\"><a style=\"color: #3366ff;\" href=\"https:\/\/gitelerucher.fr\/\">Accueil<\/a> \u23a5 <span style=\"color: #0000ff;\"><a style=\"color: #3366ff;\" href=\"https:\/\/gitelerucher.fr\/index.php\/description\/\">Description<\/a><\/span> \u23a5 <a style=\"color: #3366ff;\" href=\"https:\/\/gitelerucher.fr\/index.php\/42-2\/\">Activit\u00e9s\u23a5 <\/a><a style=\"color: #3366ff;\" href=\"https:\/\/gitelerucher.fr\/index.php\/calendrier-et-reservation\/\">Tarif &amp; R\u00e9servation<\/a> <a style=\"color: #3366ff;\" href=\"https:\/\/gitelerucher.fr\/index.php\/description\/\">\u23a5 <\/a><a style=\"color: #3366ff;\" href=\"https:\/\/gitelerucher.fr\/index.php\/contact\/\">Contact &amp; Acc\u00e8s <\/a><a style=\"color: #3366ff;\" href=\"https:\/\/gitelerucher.fr\/index.php\/description\/\">\u23a5 <\/a><a style=\"color: #3366ff;\" href=\"https:\/\/gitelerucher.fr\/index.php\/deutsch\/\">Deutsch \ud83c\udde9\ud83c\uddea<\/a><a style=\"color: #3366ff;\" href=\"https:\/\/gitelerucher.fr\/index.php\/description\/\">\u23a5 <\/a><a style=\"color: #3366ff;\" href=\"https:\/\/gitelerucher.fr\/index.php\/english\/\">English \ud83c\uddec\ud83c\udde7<\/a><\/span><\/p>\n<\/div><\/div><\/div><\/div><\/div><\/p>\n","protected":false},"excerpt":{"rendered":"","protected":false},"author":1,"featured_media":0,"parent":0,"menu_order":0,"comment_status":"closed","ping_status":"closed","template":"","meta":{"footnotes":""},"class_list":["post-42","page","type-page","status-publish","hentry"],"_links":{"self":[{"href":"https:\/\/gitelerucher.fr\/index.php\/wp-json\/wp\/v2\/pages\/42","targetHints":{"allow":["GET"]}}],"collection":[{"href":"https:\/\/gitelerucher.fr\/index.php\/wp-json\/wp\/v2\/pages"}],"about":[{"href":"https:\/\/gitelerucher.fr\/index.php\/wp-json\/wp\/v2\/types\/page"}],"author":[{"embeddable":true,"href":"https:\/\/gitelerucher.fr\/index.php\/wp-json\/wp\/v2\/users\/1"}],"replies":[{"embeddable":true,"href":"https:\/\/gitelerucher.fr\/index.php\/wp-json\/wp\/v2\/comments?post=42"}],"version-history":[{"count":52,"href":"https:\/\/gitelerucher.fr\/index.php\/wp-json\/wp\/v2\/pages\/42\/revisions"}],"predecessor-version":[{"id":12849,"href":"https:\/\/gitelerucher.fr\/index.php\/wp-json\/wp\/v2\/pages\/42\/revisions\/12849"}],"wp:attachment":[{"href":"https:\/\/gitelerucher.fr\/index.php\/wp-json\/wp\/v2\/media?parent=42"}],"curies":[{"name":"wp","href":"https:\/\/api.w.org\/{rel}","templated":true}]}}